{"id":12239,"date":"2024-06-12T11:00:12","date_gmt":"2024-06-12T11:00:12","guid":{"rendered":"https:\/\/medinaygonzalezabogados.es\/web\/?page_id=12239"},"modified":"2024-06-12T11:00:12","modified_gmt":"2024-06-12T11:00:12","slug":"politica-de-seguridad","status":"publish","type":"page","link":"https:\/\/medinaygonzalezabogados.es\/web\/politica-de-seguridad\/","title":{"rendered":"POLITICA DE SEGURIDAD"},"content":{"rendered":"\n\n\n<h2><strong><u>Pol\u00edtica de seguridad de la informaci\u00f3n de M&amp;GA<\/u><\/strong><\/h2>\n<p>\u00a0<\/p>\n<p><strong>M&amp;GA<\/strong> considera que la informaci\u00f3n, en especial la relativa a clientes, y los distintos sistemas asociados son activos cr\u00edticos que deben ser protegidos adecuadamente para asegurar el correcto funcionamiento de la empresa.<\/p>\n<p>Esta pol\u00edtica de seguridad tiene como objetivo garantizar la confidencialidad, integridad, disponibilidad y privacidad de la informaci\u00f3n, as\u00ed como el cumplimiento de las diferentes normas y requisitos aplicables vigentes en cada momento, manteniendo un equilibrio entre los niveles de riesgo y el uso eficiente de los recursos mediante criterios de proporcionalidad. De hecho, proporciona un marco de referencia para el establecimiento de los objetivos de seguridad de la informaci\u00f3n.<\/p>\n<p>La pol\u00edtica es de aplicaci\u00f3n a todos los empleados, directivos, socios y administradores de,<strong> M&amp;GA<\/strong> incluyendo las sociedades participadas sobre las que <strong>M&amp;GA<\/strong> tenga un control efectivo. En aquellas sociedades participadas sobre las que no tenga control efectivo, <strong>M&amp;GA<\/strong> promover\u00e1 principios y directrices coherentes con los establecidos en esta pol\u00edtica.<\/p>\n<p>Para poder desarrollar el compromiso expreso de la organizaci\u00f3n en la\u00a0<strong>mejora continua<\/strong>\u00a0del sistema de gesti\u00f3n, la Direcci\u00f3n establece los siguientes principios de gesti\u00f3n de seguridad de la informaci\u00f3n:<\/p>\n<ul>\n<li>Garantizar que los Sistemas de Informaci\u00f3n de M&amp;GA posean el adecuado nivel de seguridad y resiliencia que proponga el Comit\u00e9 de Seguridad de la Informaci\u00f3n de la Firma.<\/li>\n<\/ul>\n<ul>\n<li>Sensibilizar a todos los colaboradores acerca de los riesgos de seguridad y garantizar que disponen de la formaci\u00f3n y capacidades tecnol\u00f3gicas necesarias para proteger la seguridad de los sistemas de informaci\u00f3n de la Firma.<\/li>\n<\/ul>\n<ul>\n<li>Dotar a la firma de procedimientos y herramientas de an\u00e1lisis, prevenci\u00f3n, detecci\u00f3n, respuesta y recuperaci\u00f3n, que permitan adaptarse con agilidad a los cambios del entorno tecnol\u00f3gico y a las nuevas amenazas.<\/li>\n<\/ul>\n<ul>\n<li>Colaborar con los organismos y agencias gubernamentales relevantes para la mejora de la seguridad de la Firma y el cumplimiento de la legislaci\u00f3n vigente.<\/li>\n<\/ul>\n<ul>\n<li>Precisar un conjunto de funciones y responsabilidades en materia de seguridad, claramente definidas y asignadas en el organigrama corporativo.<\/li>\n<\/ul>\n<ul>\n<li>Diligencia por parte de todos los empleados y colaboradores en la comunicaci\u00f3n de posibles incidentes de seguridad.<\/li>\n<\/ul>\n<ul>\n<li>Respaldar un proceso de revisi\u00f3n y actualizaci\u00f3n continua del modelo de gesti\u00f3n de la seguridad para adecuarlo en todo momento a las amenazas que vayan surgiendo y puedan afectar a la Firma.<\/li>\n<\/ul>\n<p>Esta pol\u00edtica fue revisada y aprobada por la Direcci\u00f3n de M&amp;GA a fecha 24\/10\/2022.<\/p>\n<p>Si necesita cualquier informaci\u00f3n adicional sobre nuestra pol\u00edtica de seguridad de la informaci\u00f3n o tiene alguna sugerencia al respecto puede enviar un mensaje de correo electr\u00f3nico a la siguiente direcci\u00f3n:\u00a0<a href=\"mailto:info@medinaygonzalezabogados.es\">info@medinaygonzalezabogados.es<\/a><\/p>\n","protected":false},"excerpt":{"rendered":"<p>Pol\u00edtica de seguridad de la informaci\u00f3n de M&amp;GA \u00a0 M&amp;GA considera que la informaci\u00f3n, en especial la relativa a clientes, y los distintos sistemas asociados son activos cr\u00edticos que deben&#8230;<\/p>\n","protected":false},"author":2,"featured_media":0,"parent":0,"menu_order":0,"comment_status":"closed","ping_status":"closed","template":"","meta":{"_monsterinsights_skip_tracking":false,"_monsterinsights_sitenote_active":false,"_monsterinsights_sitenote_note":"","_monsterinsights_sitenote_category":0,"footnotes":""},"class_list":["post-12239","page","type-page","status-publish"],"yoast_head":"<!-- This site is optimized with the Yoast SEO plugin v27.4 - https:\/\/yoast.com\/product\/yoast-seo-wordpress\/ -->\n<title>POLITICA DE SEGURIDAD - Medina y Gonzalez Abogados<\/title>\n<meta name=\"robots\" content=\"index, follow, max-snippet:-1, max-image-preview:large, max-video-preview:-1\" \/>\n<link rel=\"canonical\" href=\"https:\/\/medinaygonzalezabogados.es\/web\/politica-de-seguridad\/\" \/>\n<meta property=\"og:locale\" content=\"es_ES\" \/>\n<meta property=\"og:type\" content=\"article\" \/>\n<meta property=\"og:title\" content=\"POLITICA DE SEGURIDAD - Medina y Gonzalez Abogados\" \/>\n<meta property=\"og:description\" content=\"Pol\u00edtica de seguridad de la informaci\u00f3n de M&amp;GA \u00a0 M&amp;GA considera que la informaci\u00f3n, en especial la relativa a clientes, y los distintos sistemas asociados son activos cr\u00edticos que deben...\" \/>\n<meta property=\"og:url\" content=\"https:\/\/medinaygonzalezabogados.es\/web\/politica-de-seguridad\/\" \/>\n<meta property=\"og:site_name\" content=\"Medina y Gonzalez Abogados\" \/>\n<meta property=\"article:publisher\" content=\"https:\/\/www.facebook.com\/medinaygonzalezabogados\/\" \/>\n<meta name=\"twitter:card\" content=\"summary_large_image\" \/>\n<meta name=\"twitter:site\" content=\"@medinaygonzalez\" \/>\n<meta name=\"twitter:label1\" content=\"Tiempo de lectura\" \/>\n\t<meta name=\"twitter:data1\" content=\"2 minutos\" \/>\n<script type=\"application\/ld+json\" class=\"yoast-schema-graph\">{\"@context\":\"https:\\\/\\\/schema.org\",\"@graph\":[{\"@type\":\"WebPage\",\"@id\":\"https:\\\/\\\/medinaygonzalezabogados.es\\\/web\\\/politica-de-seguridad\\\/\",\"url\":\"https:\\\/\\\/medinaygonzalezabogados.es\\\/web\\\/politica-de-seguridad\\\/\",\"name\":\"POLITICA DE SEGURIDAD - Medina y Gonzalez Abogados\",\"isPartOf\":{\"@id\":\"https:\\\/\\\/medinaygonzalezabogados.es\\\/web\\\/#website\"},\"datePublished\":\"2024-06-12T11:00:12+00:00\",\"breadcrumb\":{\"@id\":\"https:\\\/\\\/medinaygonzalezabogados.es\\\/web\\\/politica-de-seguridad\\\/#breadcrumb\"},\"inLanguage\":\"es\",\"potentialAction\":[{\"@type\":\"ReadAction\",\"target\":[\"https:\\\/\\\/medinaygonzalezabogados.es\\\/web\\\/politica-de-seguridad\\\/\"]}]},{\"@type\":\"BreadcrumbList\",\"@id\":\"https:\\\/\\\/medinaygonzalezabogados.es\\\/web\\\/politica-de-seguridad\\\/#breadcrumb\",\"itemListElement\":[{\"@type\":\"ListItem\",\"position\":1,\"name\":\"Portada\",\"item\":\"https:\\\/\\\/medinaygonzalezabogados.es\\\/web\\\/\"},{\"@type\":\"ListItem\",\"position\":2,\"name\":\"POLITICA DE SEGURIDAD\"}]},{\"@type\":\"WebSite\",\"@id\":\"https:\\\/\\\/medinaygonzalezabogados.es\\\/web\\\/#website\",\"url\":\"https:\\\/\\\/medinaygonzalezabogados.es\\\/web\\\/\",\"name\":\"Medina y Gonzalez Abogados\",\"description\":\"Tus Abogados\",\"publisher\":{\"@id\":\"https:\\\/\\\/medinaygonzalezabogados.es\\\/web\\\/#organization\"},\"potentialAction\":[{\"@type\":\"SearchAction\",\"target\":{\"@type\":\"EntryPoint\",\"urlTemplate\":\"https:\\\/\\\/medinaygonzalezabogados.es\\\/web\\\/?s={search_term_string}\"},\"query-input\":{\"@type\":\"PropertyValueSpecification\",\"valueRequired\":true,\"valueName\":\"search_term_string\"}}],\"inLanguage\":\"es\"},{\"@type\":\"Organization\",\"@id\":\"https:\\\/\\\/medinaygonzalezabogados.es\\\/web\\\/#organization\",\"name\":\"Medina y Gonz\u00e1lez Abogados\",\"url\":\"https:\\\/\\\/medinaygonzalezabogados.es\\\/web\\\/\",\"logo\":{\"@type\":\"ImageObject\",\"inLanguage\":\"es\",\"@id\":\"https:\\\/\\\/medinaygonzalezabogados.es\\\/web\\\/#\\\/schema\\\/logo\\\/image\\\/\",\"url\":\"https:\\\/\\\/medinaygonzalezabogados.es\\\/web\\\/wp-content\\\/uploads\\\/2015\\\/07\\\/logo-abogados_retina.png\",\"contentUrl\":\"https:\\\/\\\/medinaygonzalezabogados.es\\\/web\\\/wp-content\\\/uploads\\\/2015\\\/07\\\/logo-abogados_retina.png\",\"width\":400,\"height\":400,\"caption\":\"Medina y Gonz\u00e1lez Abogados\"},\"image\":{\"@id\":\"https:\\\/\\\/medinaygonzalezabogados.es\\\/web\\\/#\\\/schema\\\/logo\\\/image\\\/\"},\"sameAs\":[\"https:\\\/\\\/www.facebook.com\\\/medinaygonzalezabogados\\\/\",\"https:\\\/\\\/x.com\\\/medinaygonzalez\",\"https:\\\/\\\/www.instagram.com\\\/medinaygonzalezabogados\\\/\"]}]}<\/script>\n<!-- \/ Yoast SEO plugin. -->","yoast_head_json":{"title":"POLITICA DE SEGURIDAD - Medina y Gonzalez Abogados","robots":{"index":"index","follow":"follow","max-snippet":"max-snippet:-1","max-image-preview":"max-image-preview:large","max-video-preview":"max-video-preview:-1"},"canonical":"https:\/\/medinaygonzalezabogados.es\/web\/politica-de-seguridad\/","og_locale":"es_ES","og_type":"article","og_title":"POLITICA DE SEGURIDAD - Medina y Gonzalez Abogados","og_description":"Pol\u00edtica de seguridad de la informaci\u00f3n de M&amp;GA \u00a0 M&amp;GA considera que la informaci\u00f3n, en especial la relativa a clientes, y los distintos sistemas asociados son activos cr\u00edticos que deben...","og_url":"https:\/\/medinaygonzalezabogados.es\/web\/politica-de-seguridad\/","og_site_name":"Medina y Gonzalez Abogados","article_publisher":"https:\/\/www.facebook.com\/medinaygonzalezabogados\/","twitter_card":"summary_large_image","twitter_site":"@medinaygonzalez","twitter_misc":{"Tiempo de lectura":"2 minutos"},"schema":{"@context":"https:\/\/schema.org","@graph":[{"@type":"WebPage","@id":"https:\/\/medinaygonzalezabogados.es\/web\/politica-de-seguridad\/","url":"https:\/\/medinaygonzalezabogados.es\/web\/politica-de-seguridad\/","name":"POLITICA DE SEGURIDAD - Medina y Gonzalez Abogados","isPartOf":{"@id":"https:\/\/medinaygonzalezabogados.es\/web\/#website"},"datePublished":"2024-06-12T11:00:12+00:00","breadcrumb":{"@id":"https:\/\/medinaygonzalezabogados.es\/web\/politica-de-seguridad\/#breadcrumb"},"inLanguage":"es","potentialAction":[{"@type":"ReadAction","target":["https:\/\/medinaygonzalezabogados.es\/web\/politica-de-seguridad\/"]}]},{"@type":"BreadcrumbList","@id":"https:\/\/medinaygonzalezabogados.es\/web\/politica-de-seguridad\/#breadcrumb","itemListElement":[{"@type":"ListItem","position":1,"name":"Portada","item":"https:\/\/medinaygonzalezabogados.es\/web\/"},{"@type":"ListItem","position":2,"name":"POLITICA DE SEGURIDAD"}]},{"@type":"WebSite","@id":"https:\/\/medinaygonzalezabogados.es\/web\/#website","url":"https:\/\/medinaygonzalezabogados.es\/web\/","name":"Medina y Gonzalez Abogados","description":"Tus Abogados","publisher":{"@id":"https:\/\/medinaygonzalezabogados.es\/web\/#organization"},"potentialAction":[{"@type":"SearchAction","target":{"@type":"EntryPoint","urlTemplate":"https:\/\/medinaygonzalezabogados.es\/web\/?s={search_term_string}"},"query-input":{"@type":"PropertyValueSpecification","valueRequired":true,"valueName":"search_term_string"}}],"inLanguage":"es"},{"@type":"Organization","@id":"https:\/\/medinaygonzalezabogados.es\/web\/#organization","name":"Medina y Gonz\u00e1lez Abogados","url":"https:\/\/medinaygonzalezabogados.es\/web\/","logo":{"@type":"ImageObject","inLanguage":"es","@id":"https:\/\/medinaygonzalezabogados.es\/web\/#\/schema\/logo\/image\/","url":"https:\/\/medinaygonzalezabogados.es\/web\/wp-content\/uploads\/2015\/07\/logo-abogados_retina.png","contentUrl":"https:\/\/medinaygonzalezabogados.es\/web\/wp-content\/uploads\/2015\/07\/logo-abogados_retina.png","width":400,"height":400,"caption":"Medina y Gonz\u00e1lez Abogados"},"image":{"@id":"https:\/\/medinaygonzalezabogados.es\/web\/#\/schema\/logo\/image\/"},"sameAs":["https:\/\/www.facebook.com\/medinaygonzalezabogados\/","https:\/\/x.com\/medinaygonzalez","https:\/\/www.instagram.com\/medinaygonzalezabogados\/"]}]}},"_links":{"self":[{"href":"https:\/\/medinaygonzalezabogados.es\/web\/wp-json\/wp\/v2\/pages\/12239","targetHints":{"allow":["GET"]}}],"collection":[{"href":"https:\/\/medinaygonzalezabogados.es\/web\/wp-json\/wp\/v2\/pages"}],"about":[{"href":"https:\/\/medinaygonzalezabogados.es\/web\/wp-json\/wp\/v2\/types\/page"}],"author":[{"embeddable":true,"href":"https:\/\/medinaygonzalezabogados.es\/web\/wp-json\/wp\/v2\/users\/2"}],"replies":[{"embeddable":true,"href":"https:\/\/medinaygonzalezabogados.es\/web\/wp-json\/wp\/v2\/comments?post=12239"}],"version-history":[{"count":1,"href":"https:\/\/medinaygonzalezabogados.es\/web\/wp-json\/wp\/v2\/pages\/12239\/revisions"}],"predecessor-version":[{"id":12240,"href":"https:\/\/medinaygonzalezabogados.es\/web\/wp-json\/wp\/v2\/pages\/12239\/revisions\/12240"}],"wp:attachment":[{"href":"https:\/\/medinaygonzalezabogados.es\/web\/wp-json\/wp\/v2\/media?parent=12239"}],"curies":[{"name":"wp","href":"https:\/\/api.w.org\/{rel}","templated":true}]}}