{"id":648,"date":"2013-03-23T13:05:14","date_gmt":"2013-03-23T13:05:14","guid":{"rendered":"http:\/\/themenectar.com\/demo\/salient\/?page_id=18"},"modified":"2019-09-05T16:43:10","modified_gmt":"2019-09-05T16:43:10","slug":"el-equipo","status":"publish","type":"page","link":"https:\/\/medinaygonzalezabogados.es\/web\/el-equipo\/","title":{"rendered":"El Equipo"},"content":{"rendered":"[vc_row type=\u00bbfull_width_content\u00bb bg_position=\u00bbleft top\u00bb bg_repeat=\u00bbno-repeat\u00bb text_color=\u00bblight\u00bb text_align=\u00bbleft\u00bb scene_position=\u00bbcenter\u00bb vertically_center_columns=\u00bbtrue\u00bb][vc_column width=\u00bb1\/2&#8243; animation=\u00bbnone\u00bb column_padding=\u00bbno-extra-padding\u00bb background_color=\u00bb#2b2b2b\u00bb background_color_opacity=\u00bb1&#8243; column_padding_position=\u00bball\u00bb][image_with_animation image_url=\u00bb11431&#8243; animation=\u00bbFade In\u00bb img_link_target=\u00bb_self\u00bb][\/vc_column][vc_column width=\u00bb1\/2&#8243; animation=\u00bbnone\u00bb column_padding=\u00bbpadding-4-percent\u00bb background_color=\u00bb#ffffff\u00bb background_color_opacity=\u00bb1&#8243; column_padding_position=\u00bball\u00bb][divider line_type=\u00bbNo Line\u00bb custom_height=\u00bb40&#8243;][vc_row_inner][vc_column_inner width=\u00bb1\/1&#8243; animation=\u00bbnone\u00bb column_padding=\u00bbno-extra-padding\u00bb][vc_column_text]\n<h3><span style=\"color: #333333;\">FILOSOF\u00cdA DE DESPACHO<\/span><\/h3>\n<p><span style=\"font-size: 14pt; color: #333333;\">La filosof\u00eda del despacho est\u00e1 basada en el trato directo y personal con el cliente buscando en todo momento una confianza duradera basada en la transparencia, calidad y resultado.<\/span>[\/vc_column_text][\/vc_column_inner][\/vc_row_inner][divider line_type=\u00bbNo Line\u00bb custom_height=\u00bb40&#8243;][\/vc_column][\/vc_row][vc_row type=\u00bbfull_width_content\u00bb bg_position=\u00bbleft top\u00bb bg_repeat=\u00bbno-repeat\u00bb text_color=\u00bbdark\u00bb text_align=\u00bbleft\u00bb top_padding=\u00bb0&#8243; bottom_padding=\u00bb0&#8243; vertically_center_columns=\u00bbtrue\u00bb][vc_column width=\u00bb1\/2&#8243; animation=\u00bbnone\u00bb column_padding=\u00bbpadding-4-percent\u00bb background_color=\u00bb#ffffff\u00bb background_color_opacity=\u00bb1&#8243;][vc_row_inner][vc_column_inner width=\u00bb1\/1&#8243; enable_animation=\u00bbtrue\u00bb animation=\u00bbflip-in\u00bb column_padding=\u00bbno-extra-padding\u00bb][vc_column_text]\n<h3><span style=\"color: #333333;\">EFICACIA<\/span><\/h3>\n<p><span style=\"font-size: 14pt; color: #333333;\">Es nuestra obligaci\u00f3n ofrecerle una soluci\u00f3n al cliente, darle respuesta a su problem\u00e1tica. Sabemos que la rapidez en dar una respuesta es una de las cualidades mayor valoradas. Por ello, ponemos el m\u00e1ximo empe\u00f1o en cada asunto encomendado, con m\u00e1xima atenci\u00f3n y con m\u00e1xima dedicaci\u00f3n para dar una respuesta \u00e1gil a nuestros clientes. Nuestro fin es obtener la satisfacci\u00f3n de nuestro cliente.<\/span>[\/vc_column_text][\/vc_column_inner][\/vc_row_inner][\/vc_column][vc_column width=\u00bb1\/2&#8243; animation=\u00bbnone\u00bb column_padding=\u00bbno-extra-padding\u00bb background_color=\u00bb#222222&#8243; background_color_opacity=\u00bb1&#8243;][image_with_animation image_url=\u00bb11425&#8243; animation=\u00bbFade In\u00bb img_link_target=\u00bb_self\u00bb][\/vc_column][\/vc_row][vc_row type=\u00bbfull_width_content\u00bb bg_position=\u00bbleft top\u00bb bg_repeat=\u00bbno-repeat\u00bb text_color=\u00bblight\u00bb text_align=\u00bbleft\u00bb top_padding=\u00bb0&#8243; bottom_padding=\u00bb0&#8243; bg_color=\u00bb#000000&#8243; scene_position=\u00bbcenter\u00bb][vc_column width=\u00bb1\/4&#8243; animation=\u00bbnone\u00bb column_padding=\u00bbno-extra-padding\u00bb background_color=\u00bb#2b2b2b\u00bb background_color_opacity=\u00bb1&#8243; column_padding_position=\u00bball\u00bb][team_member team_memeber_style=\u00bbmeta_overlaid\u00bb link_element=\u00bbnone\u00bb color=\u00bbAccent-Color\u00bb name=\u00bbV\u00edctor Medina Fern\u00e1ndez-Aceytuno\u00bb image_url=\u00bb11447&#8243; job_position=\u00bbAbogado\u00bb][\/vc_column][vc_column width=\u00bb1\/4&#8243; animation=\u00bbnone\u00bb column_padding=\u00bbpadding-3-percent\u00bb column_padding_position=\u00bball\u00bb background_color=\u00bb#ffffff\u00bb background_color_opacity=\u00bb1&#8243; font_color=\u00bb#000000&#8243;][vc_column_text]\n<p><span style=\"color: #333333; font-size: 12pt;\">Se licenci\u00f3 en Derecho por la Universidad de Granada. Es especialista en casos contencioso-administrativos y mercantiles. Letrado director de m\u00faltiples litigios en donde he venido defendiendo tanto a la administraci\u00f3n, como a particulares que han realizado reclamaciones contra la misma. Igualmente ha sido letrado de concursadas y administrador concursal. Tambi\u00e9n fue\u00a0presidente del Consejo Canario de Colegios de Abogados y Decano del Ilustre Colegio de Abogados de Santa Cruz de Tenerife.<\/span><\/p>\n[\/vc_column_text][\/vc_column][vc_column width=\u00bb1\/4&#8243;][team_member team_memeber_style=\u00bbmeta_overlaid\u00bb link_element=\u00bbnone\u00bb color=\u00bbAccent-Color\u00bb name=\u00bbFrancisco Guti\u00e9rrez Le\u00f3n\u00bb image_url=\u00bb11449&#8243; job_position=\u00bbAbogado\u00bb][\/vc_column][vc_column width=\u00bb1\/4&#8243; animation=\u00bbnone\u00bb column_padding=\u00bbpadding-3-percent\u00bb column_padding_position=\u00bball\u00bb background_color_opacity=\u00bb1&#8243; background_color=\u00bb#ffffff\u00bb][vc_column_text]<span style=\"color: #333333; font-size: 12pt;\">Colegiado 4.303 del ICATF.<\/span><br \/>\n<span style=\"font-size: 12pt;\"> <span style=\"color: #333333;\">Estudios cursados en la Universidad de La Laguna. Master en Pr\u00e1ctica Jur\u00eddica. Especialidad en Derecho Contencioso Administrativo, Civil y Penal<\/span>.<\/span>[\/vc_column_text][\/vc_column][\/vc_row][vc_row type=\u00bbfull_width_content\u00bb bg_position=\u00bbleft top\u00bb bg_repeat=\u00bbno-repeat\u00bb text_color=\u00bblight\u00bb text_align=\u00bbleft\u00bb top_padding=\u00bb0&#8243; bottom_padding=\u00bb0&#8243; bg_color=\u00bb#000000&#8243; scene_position=\u00bbcenter\u00bb][vc_column width=\u00bb1\/4&#8243; animation=\u00bbnone\u00bb column_padding=\u00bbno-extra-padding\u00bb background_color=\u00bb#2b2b2b\u00bb background_color_opacity=\u00bb1&#8243; column_padding_position=\u00bball\u00bb][team_member team_memeber_style=\u00bbmeta_overlaid\u00bb link_element=\u00bbnone\u00bb color=\u00bbAccent-Color\u00bb name=\u00bbFrancisco Medina Fern\u00e1ndez-Aceytuno\u00bb image_url=\u00bb11260&#8243; job_position=\u00bbAbogado\u00bb][\/vc_column][vc_column width=\u00bb1\/4&#8243; animation=\u00bbnone\u00bb column_padding=\u00bbpadding-3-percent\u00bb column_padding_position=\u00bball\u00bb background_color=\u00bb#ffffff\u00bb background_color_opacity=\u00bb1&#8243; font_color=\u00bb#000000&#8243;][vc_column_text]\n<p><span style=\"color: #333333; font-size: 12pt;\">Colegio de Abogados de Santa Cruz de Tenerife.<\/span><\/p>\n[\/vc_column_text][\/vc_column][vc_column width=\u00bb1\/4&#8243;][team_member team_memeber_style=\u00bbmeta_overlaid\u00bb link_element=\u00bbnone\u00bb color=\u00bbAccent-Color\u00bb name=\u00bbCarlos Luis Gonz\u00e1lez \u00c1lvarez\u00bb image_url=\u00bb11451&#8243; job_position=\u00bbAbogado\u00bb][\/vc_column][vc_column width=\u00bb1\/4&#8243; animation=\u00bbnone\u00bb column_padding=\u00bbpadding-3-percent\u00bb column_padding_position=\u00bball\u00bb background_color_opacity=\u00bb1&#8243; background_color=\u00bb#ffffff\u00bb][vc_column_text]\n<p><span style=\"color: #333333;\"><span style=\"font-size: 12pt;\">Licenciado por la Universidad de La Laguna. Tiene m\u00e1s de veinte a\u00f1os de experiencia profesional ante los Juzgados civiles, penales y mercantiles de Canarias. Es especialista en derecho civil y mercantil con fuerte dedicaci\u00f3n actual al derecho concursal, siendo actualmente administrador concursal en numerosas sociedades mercantiles.Colegio de Abogados de Santa Cruz de Tenerife<\/span>.<\/span><\/p>\n[\/vc_column_text][\/vc_column][\/vc_row][vc_row type=\u00bbfull_width_content\u00bb bg_position=\u00bbleft top\u00bb bg_repeat=\u00bbno-repeat\u00bb text_color=\u00bblight\u00bb text_align=\u00bbleft\u00bb top_padding=\u00bb0&#8243; bottom_padding=\u00bb0&#8243; bg_color=\u00bb#000000&#8243; scene_position=\u00bbcenter\u00bb][vc_column width=\u00bb1\/4&#8243; animation=\u00bbnone\u00bb column_padding=\u00bbno-extra-padding\u00bb background_color=\u00bb#2b2b2b\u00bb background_color_opacity=\u00bb1&#8243; column_padding_position=\u00bball\u00bb][team_member team_memeber_style=\u00bbmeta_overlaid\u00bb link_element=\u00bbnone\u00bb color=\u00bbAccent-Color\u00bb name=\u00bbEdmundo Lorenzo Gonz\u00e1lez Alvarez\u00bb image_url=\u00bb11452&#8243; job_position=\u00bbAbogado\u00bb][\/vc_column][vc_column width=\u00bb1\/4&#8243; animation=\u00bbnone\u00bb column_padding=\u00bbpadding-3-percent\u00bb column_padding_position=\u00bball\u00bb background_color=\u00bb#ffffff\u00bb background_color_opacity=\u00bb1&#8243; font_color=\u00bb#000000&#8243;][vc_column_text]<span style=\"color: #333333; font-size: 12pt;\">Colegiado 2.081 del ICATF. Licenciatura de Derecho por la Universidad de La Laguna.<br \/>\nExperto en Derecho Penal, Civil y de Familia, con m\u00e1s de 25 a\u00f1os de experiencia en Tribunales.<\/span>[\/vc_column_text][\/vc_column][vc_column width=\u00bb1\/4&#8243;][team_member team_memeber_style=\u00bbmeta_overlaid\u00bb link_element=\u00bbnone\u00bb color=\u00bbAccent-Color\u00bb name=\u00bbDavid Niebla Gonz\u00e1lez\u00bb image_url=\u00bb11455&#8243; job_position=\u00bbAbogado\u00bb][\/vc_column][vc_column width=\u00bb1\/4&#8243; animation=\u00bbnone\u00bb column_padding=\u00bbpadding-3-percent\u00bb column_padding_position=\u00bball\u00bb background_color_opacity=\u00bb1&#8243; background_color=\u00bb#ffffff\u00bb][vc_column_text]<span style=\"color: #333333; font-size: 12pt;\">Colegiado 4.619 del ICATF. Licenciatura de Derecho por la Universidad de La Laguna. Curso de pr\u00e1cticas jur\u00eddicas impartido por el Ilustre Colegio de Abogados de Santa Cruz de Tenerife. Curso de formaci\u00f3n espec\u00edfica de derecho concursal impartido por el Ilustre Colegio de Abogados de Santa Cruz de Tenerife. Derecho penal, derecho civil y derecho concursal.<\/span><br \/>\n<span style=\"color: #333333; font-size: 12pt;\"> Ingl\u00e9s (nivel medio), Italiano (nivel alto).<\/span>[\/vc_column_text][\/vc_column][\/vc_row]\n","protected":false},"excerpt":{"rendered":"<p>[vc_row type=\u00bbfull_width_content\u00bb bg_position=\u00bbleft top\u00bb bg_repeat=\u00bbno-repeat\u00bb text_color=\u00bblight\u00bb text_align=\u00bbleft\u00bb scene_position=\u00bbcenter\u00bb vertically_center_columns=\u00bbtrue\u00bb][vc_column width=\u00bb1\/2&#8243; animation=\u00bbnone\u00bb column_padding=\u00bbno-extra-padding\u00bb background_color=\u00bb#2b2b2b\u00bb background_color_opacity=\u00bb1&#8243; column_padding_position=\u00bball\u00bb][image_with_animation image_url=\u00bb11431&#8243; animation=\u00bbFade In\u00bb img_link_target=\u00bb_self\u00bb][\/vc_column][vc_column width=\u00bb1\/2&#8243; animation=\u00bbnone\u00bb column_padding=\u00bbpadding-4-percent\u00bb background_color=\u00bb#ffffff\u00bb background_color_opacity=\u00bb1&#8243; column_padding_position=\u00bball\u00bb][divider line_type=\u00bbNo Line\u00bb custom_height=\u00bb40&#8243;][vc_row_inner][vc_column_inner width=\u00bb1\/1&#8243; animation=\u00bbnone\u00bb&#8230;<\/p>\n","protected":false},"author":1,"featured_media":0,"parent":0,"menu_order":44,"comment_status":"open","ping_status":"open","template":"","meta":{"_monsterinsights_skip_tracking":false,"_monsterinsights_sitenote_active":false,"_monsterinsights_sitenote_note":"","_monsterinsights_sitenote_category":0,"footnotes":""},"class_list":["post-648","page","type-page","status-publish"],"yoast_head":"<!-- This site is optimized with the Yoast SEO plugin v27.4 - https:\/\/yoast.com\/product\/yoast-seo-wordpress\/ -->\n<title>El Equipo - Medina y Gonzalez Abogados<\/title>\n<meta name=\"robots\" content=\"index, follow, max-snippet:-1, max-image-preview:large, max-video-preview:-1\" \/>\n<link rel=\"canonical\" href=\"https:\/\/medinaygonzalezabogados.es\/web\/el-equipo\/\" \/>\n<meta property=\"og:locale\" content=\"es_ES\" \/>\n<meta property=\"og:type\" content=\"article\" \/>\n<meta property=\"og:title\" content=\"El Equipo - Medina y Gonzalez Abogados\" \/>\n<meta property=\"og:description\" content=\"[vc_row type=\u00bbfull_width_content\u00bb bg_position=\u00bbleft top\u00bb bg_repeat=\u00bbno-repeat\u00bb text_color=\u00bblight\u00bb text_align=\u00bbleft\u00bb scene_position=\u00bbcenter\u00bb vertically_center_columns=\u00bbtrue\u00bb][vc_column width=\u00bb1\/2&#8243; animation=\u00bbnone\u00bb column_padding=\u00bbno-extra-padding\u00bb background_color=\u00bb#2b2b2b\u00bb background_color_opacity=\u00bb1&#8243; column_padding_position=\u00bball\u00bb][image_with_animation image_url=\u00bb11431&#8243; animation=\u00bbFade In\u00bb img_link_target=\u00bb_self\u00bb][\/vc_column][vc_column width=\u00bb1\/2&#8243; animation=\u00bbnone\u00bb column_padding=\u00bbpadding-4-percent\u00bb background_color=\u00bb#ffffff\u00bb background_color_opacity=\u00bb1&#8243; column_padding_position=\u00bball\u00bb][divider line_type=\u00bbNo Line\u00bb custom_height=\u00bb40&#8243;][vc_row_inner][vc_column_inner width=\u00bb1\/1&#8243; animation=\u00bbnone\u00bb...\" \/>\n<meta property=\"og:url\" content=\"https:\/\/medinaygonzalezabogados.es\/web\/el-equipo\/\" \/>\n<meta property=\"og:site_name\" content=\"Medina y Gonzalez Abogados\" \/>\n<meta property=\"article:publisher\" content=\"https:\/\/www.facebook.com\/medinaygonzalezabogados\/\" \/>\n<meta property=\"article:modified_time\" content=\"2019-09-05T16:43:10+00:00\" \/>\n<meta name=\"twitter:card\" content=\"summary_large_image\" \/>\n<meta name=\"twitter:site\" content=\"@medinaygonzalez\" \/>\n<meta name=\"twitter:label1\" content=\"Tiempo de lectura\" \/>\n\t<meta name=\"twitter:data1\" content=\"5 minutos\" \/>\n<script type=\"application\/ld+json\" class=\"yoast-schema-graph\">{\"@context\":\"https:\\\/\\\/schema.org\",\"@graph\":[{\"@type\":\"WebPage\",\"@id\":\"https:\\\/\\\/medinaygonzalezabogados.es\\\/web\\\/el-equipo\\\/\",\"url\":\"https:\\\/\\\/medinaygonzalezabogados.es\\\/web\\\/el-equipo\\\/\",\"name\":\"El Equipo - Medina y Gonzalez Abogados\",\"isPartOf\":{\"@id\":\"https:\\\/\\\/medinaygonzalezabogados.es\\\/web\\\/#website\"},\"datePublished\":\"2013-03-23T13:05:14+00:00\",\"dateModified\":\"2019-09-05T16:43:10+00:00\",\"breadcrumb\":{\"@id\":\"https:\\\/\\\/medinaygonzalezabogados.es\\\/web\\\/el-equipo\\\/#breadcrumb\"},\"inLanguage\":\"es\",\"potentialAction\":[{\"@type\":\"ReadAction\",\"target\":[\"https:\\\/\\\/medinaygonzalezabogados.es\\\/web\\\/el-equipo\\\/\"]}]},{\"@type\":\"BreadcrumbList\",\"@id\":\"https:\\\/\\\/medinaygonzalezabogados.es\\\/web\\\/el-equipo\\\/#breadcrumb\",\"itemListElement\":[{\"@type\":\"ListItem\",\"position\":1,\"name\":\"Portada\",\"item\":\"https:\\\/\\\/medinaygonzalezabogados.es\\\/web\\\/\"},{\"@type\":\"ListItem\",\"position\":2,\"name\":\"El Equipo\"}]},{\"@type\":\"WebSite\",\"@id\":\"https:\\\/\\\/medinaygonzalezabogados.es\\\/web\\\/#website\",\"url\":\"https:\\\/\\\/medinaygonzalezabogados.es\\\/web\\\/\",\"name\":\"Medina y Gonzalez Abogados\",\"description\":\"Tus Abogados\",\"publisher\":{\"@id\":\"https:\\\/\\\/medinaygonzalezabogados.es\\\/web\\\/#organization\"},\"potentialAction\":[{\"@type\":\"SearchAction\",\"target\":{\"@type\":\"EntryPoint\",\"urlTemplate\":\"https:\\\/\\\/medinaygonzalezabogados.es\\\/web\\\/?s={search_term_string}\"},\"query-input\":{\"@type\":\"PropertyValueSpecification\",\"valueRequired\":true,\"valueName\":\"search_term_string\"}}],\"inLanguage\":\"es\"},{\"@type\":\"Organization\",\"@id\":\"https:\\\/\\\/medinaygonzalezabogados.es\\\/web\\\/#organization\",\"name\":\"Medina y Gonz\u00e1lez Abogados\",\"url\":\"https:\\\/\\\/medinaygonzalezabogados.es\\\/web\\\/\",\"logo\":{\"@type\":\"ImageObject\",\"inLanguage\":\"es\",\"@id\":\"https:\\\/\\\/medinaygonzalezabogados.es\\\/web\\\/#\\\/schema\\\/logo\\\/image\\\/\",\"url\":\"https:\\\/\\\/medinaygonzalezabogados.es\\\/web\\\/wp-content\\\/uploads\\\/2015\\\/07\\\/logo-abogados_retina.png\",\"contentUrl\":\"https:\\\/\\\/medinaygonzalezabogados.es\\\/web\\\/wp-content\\\/uploads\\\/2015\\\/07\\\/logo-abogados_retina.png\",\"width\":400,\"height\":400,\"caption\":\"Medina y Gonz\u00e1lez Abogados\"},\"image\":{\"@id\":\"https:\\\/\\\/medinaygonzalezabogados.es\\\/web\\\/#\\\/schema\\\/logo\\\/image\\\/\"},\"sameAs\":[\"https:\\\/\\\/www.facebook.com\\\/medinaygonzalezabogados\\\/\",\"https:\\\/\\\/x.com\\\/medinaygonzalez\",\"https:\\\/\\\/www.instagram.com\\\/medinaygonzalezabogados\\\/\"]}]}<\/script>\n<!-- \/ Yoast SEO plugin. -->","yoast_head_json":{"title":"El Equipo - Medina y Gonzalez Abogados","robots":{"index":"index","follow":"follow","max-snippet":"max-snippet:-1","max-image-preview":"max-image-preview:large","max-video-preview":"max-video-preview:-1"},"canonical":"https:\/\/medinaygonzalezabogados.es\/web\/el-equipo\/","og_locale":"es_ES","og_type":"article","og_title":"El Equipo - Medina y Gonzalez Abogados","og_description":"[vc_row type=\u00bbfull_width_content\u00bb bg_position=\u00bbleft top\u00bb bg_repeat=\u00bbno-repeat\u00bb text_color=\u00bblight\u00bb text_align=\u00bbleft\u00bb scene_position=\u00bbcenter\u00bb vertically_center_columns=\u00bbtrue\u00bb][vc_column width=\u00bb1\/2&#8243; animation=\u00bbnone\u00bb column_padding=\u00bbno-extra-padding\u00bb background_color=\u00bb#2b2b2b\u00bb background_color_opacity=\u00bb1&#8243; column_padding_position=\u00bball\u00bb][image_with_animation image_url=\u00bb11431&#8243; animation=\u00bbFade In\u00bb img_link_target=\u00bb_self\u00bb][\/vc_column][vc_column width=\u00bb1\/2&#8243; animation=\u00bbnone\u00bb column_padding=\u00bbpadding-4-percent\u00bb background_color=\u00bb#ffffff\u00bb background_color_opacity=\u00bb1&#8243; column_padding_position=\u00bball\u00bb][divider line_type=\u00bbNo Line\u00bb custom_height=\u00bb40&#8243;][vc_row_inner][vc_column_inner width=\u00bb1\/1&#8243; animation=\u00bbnone\u00bb...","og_url":"https:\/\/medinaygonzalezabogados.es\/web\/el-equipo\/","og_site_name":"Medina y Gonzalez Abogados","article_publisher":"https:\/\/www.facebook.com\/medinaygonzalezabogados\/","article_modified_time":"2019-09-05T16:43:10+00:00","twitter_card":"summary_large_image","twitter_site":"@medinaygonzalez","twitter_misc":{"Tiempo de lectura":"5 minutos"},"schema":{"@context":"https:\/\/schema.org","@graph":[{"@type":"WebPage","@id":"https:\/\/medinaygonzalezabogados.es\/web\/el-equipo\/","url":"https:\/\/medinaygonzalezabogados.es\/web\/el-equipo\/","name":"El Equipo - Medina y Gonzalez Abogados","isPartOf":{"@id":"https:\/\/medinaygonzalezabogados.es\/web\/#website"},"datePublished":"2013-03-23T13:05:14+00:00","dateModified":"2019-09-05T16:43:10+00:00","breadcrumb":{"@id":"https:\/\/medinaygonzalezabogados.es\/web\/el-equipo\/#breadcrumb"},"inLanguage":"es","potentialAction":[{"@type":"ReadAction","target":["https:\/\/medinaygonzalezabogados.es\/web\/el-equipo\/"]}]},{"@type":"BreadcrumbList","@id":"https:\/\/medinaygonzalezabogados.es\/web\/el-equipo\/#breadcrumb","itemListElement":[{"@type":"ListItem","position":1,"name":"Portada","item":"https:\/\/medinaygonzalezabogados.es\/web\/"},{"@type":"ListItem","position":2,"name":"El Equipo"}]},{"@type":"WebSite","@id":"https:\/\/medinaygonzalezabogados.es\/web\/#website","url":"https:\/\/medinaygonzalezabogados.es\/web\/","name":"Medina y Gonzalez Abogados","description":"Tus Abogados","publisher":{"@id":"https:\/\/medinaygonzalezabogados.es\/web\/#organization"},"potentialAction":[{"@type":"SearchAction","target":{"@type":"EntryPoint","urlTemplate":"https:\/\/medinaygonzalezabogados.es\/web\/?s={search_term_string}"},"query-input":{"@type":"PropertyValueSpecification","valueRequired":true,"valueName":"search_term_string"}}],"inLanguage":"es"},{"@type":"Organization","@id":"https:\/\/medinaygonzalezabogados.es\/web\/#organization","name":"Medina y Gonz\u00e1lez Abogados","url":"https:\/\/medinaygonzalezabogados.es\/web\/","logo":{"@type":"ImageObject","inLanguage":"es","@id":"https:\/\/medinaygonzalezabogados.es\/web\/#\/schema\/logo\/image\/","url":"https:\/\/medinaygonzalezabogados.es\/web\/wp-content\/uploads\/2015\/07\/logo-abogados_retina.png","contentUrl":"https:\/\/medinaygonzalezabogados.es\/web\/wp-content\/uploads\/2015\/07\/logo-abogados_retina.png","width":400,"height":400,"caption":"Medina y Gonz\u00e1lez Abogados"},"image":{"@id":"https:\/\/medinaygonzalezabogados.es\/web\/#\/schema\/logo\/image\/"},"sameAs":["https:\/\/www.facebook.com\/medinaygonzalezabogados\/","https:\/\/x.com\/medinaygonzalez","https:\/\/www.instagram.com\/medinaygonzalezabogados\/"]}]}},"_links":{"self":[{"href":"https:\/\/medinaygonzalezabogados.es\/web\/wp-json\/wp\/v2\/pages\/648","targetHints":{"allow":["GET"]}}],"collection":[{"href":"https:\/\/medinaygonzalezabogados.es\/web\/wp-json\/wp\/v2\/pages"}],"about":[{"href":"https:\/\/medinaygonzalezabogados.es\/web\/wp-json\/wp\/v2\/types\/page"}],"author":[{"embeddable":true,"href":"https:\/\/medinaygonzalezabogados.es\/web\/wp-json\/wp\/v2\/users\/1"}],"replies":[{"embeddable":true,"href":"https:\/\/medinaygonzalezabogados.es\/web\/wp-json\/wp\/v2\/comments?post=648"}],"version-history":[{"count":85,"href":"https:\/\/medinaygonzalezabogados.es\/web\/wp-json\/wp\/v2\/pages\/648\/revisions"}],"predecessor-version":[{"id":11831,"href":"https:\/\/medinaygonzalezabogados.es\/web\/wp-json\/wp\/v2\/pages\/648\/revisions\/11831"}],"wp:attachment":[{"href":"https:\/\/medinaygonzalezabogados.es\/web\/wp-json\/wp\/v2\/media?parent=648"}],"curies":[{"name":"wp","href":"https:\/\/api.w.org\/{rel}","templated":true}]}}